{"id":525,"date":"2012-12-05T20:12:33","date_gmt":"2012-12-05T20:12:33","guid":{"rendered":"http:\/\/olaf-steinbiss.de\/?page_id=525"},"modified":"2023-10-15T08:05:06","modified_gmt":"2023-10-15T08:05:06","slug":"rathausfuhrungen","status":"publish","type":"page","link":"https:\/\/olaf-steinbiss.de\/?page_id=525","title":{"rendered":"Rathausf\u00fchrungen"},"content":{"rendered":"<p><img fetchpriority=\"high\" decoding=\"async\" class=\"alignright size-medium wp-image-1044\" title=\"Foto 3\" src=\"http:\/\/olaf-steinbiss.de\/wp-content\/uploads\/2014\/12\/Foto-4.jpg\" alt=\"\" width=\"300\" height=\"300\" \/><\/p>\n<p>Wollten Sie schon immer mal mehr \u00fcber das Hamburger Rathaus erfahren?<\/p>\n<p>Kein Problem, regelm\u00e4\u00dfig biete ich Rathausf\u00fchrungen an, bei denen ich Ihnen viele Interessante Informationen zu dem Geb\u00e4ude, seiner Historie und der Politik die hier gemacht wird, erz\u00e4hlen kann.<\/p>\n<p>Wenn Sie neugierig geworden sind, melden Sie sich einfach bei mir im B\u00fcro und wir finden gemeinsam einen Termin (040 \u2013 43 27 31 50). Auch gr\u00f6\u00dfere Gruppen, wie bspw. Schulklassen, sind gerne eingeladen.<\/p>\n<p>Ich freue mich auf Sie!<\/p>\n","protected":false},"excerpt":{"rendered":"<p>Wollten Sie schon immer mal mehr \u00fcber das Hamburger Rathaus erfahren? Kein Problem, regelm\u00e4\u00dfig biete ich Rathausf\u00fchrungen an, bei denen ich Ihnen viele Interessante Informationen zu dem Geb\u00e4ude, seiner Historie und der Politik die hier gemacht wird, erz\u00e4hlen kann. Wenn Sie neugierig geworden sind, melden Sie sich einfach bei mir im B\u00fcro und wir finden [&hellip;]<\/p>\n","protected":false},"author":3,"featured_media":0,"parent":0,"menu_order":0,"comment_status":"closed","ping_status":"closed","template":"","meta":{"footnotes":""},"class_list":["post-525","page","type-page","status-publish","hentry"],"_links":{"self":[{"href":"https:\/\/olaf-steinbiss.de\/index.php?rest_route=\/wp\/v2\/pages\/525","targetHints":{"allow":["GET"]}}],"collection":[{"href":"https:\/\/olaf-steinbiss.de\/index.php?rest_route=\/wp\/v2\/pages"}],"about":[{"href":"https:\/\/olaf-steinbiss.de\/index.php?rest_route=\/wp\/v2\/types\/page"}],"author":[{"embeddable":true,"href":"https:\/\/olaf-steinbiss.de\/index.php?rest_route=\/wp\/v2\/users\/3"}],"replies":[{"embeddable":true,"href":"https:\/\/olaf-steinbiss.de\/index.php?rest_route=%2Fwp%2Fv2%2Fcomments&post=525"}],"version-history":[{"count":0,"href":"https:\/\/olaf-steinbiss.de\/index.php?rest_route=\/wp\/v2\/pages\/525\/revisions"}],"wp:attachment":[{"href":"https:\/\/olaf-steinbiss.de\/index.php?rest_route=%2Fwp%2Fv2%2Fmedia&parent=525"}],"curies":[{"name":"wp","href":"https:\/\/api.w.org\/{rel}","templated":true}]}}