{"id":427,"date":"2012-03-21T13:01:15","date_gmt":"2012-03-21T13:01:15","guid":{"rendered":"http:\/\/olaf-steinbiss.de\/?page_id=427"},"modified":"2020-09-07T20:39:51","modified_gmt":"2020-09-07T20:39:51","slug":"eingabenausschuss","status":"publish","type":"page","link":"https:\/\/olaf-steinbiss.de\/?page_id=427","title":{"rendered":"Eingabenausschuss"},"content":{"rendered":"<p>&#8222;Jedermann hat das Recht, sich einzeln oder in Gemeinschaft mit anderen schriftlich mit Bitten oder Beschwerden an die zust\u00e4ndigen Stellen und an die Volksvertretung zu wenden&#8220;, hei\u00dft es in Artikel 17 des Grundgesetzes.<\/p>\n<p>Der Eingabenausschuss bietet den B\u00fcrgern der Stadt, die M\u00f6glichkeit, Beschwerden (&#8222;Eingaben&#8220;) an die gew\u00e4hlten Volksvertreter in der B\u00fcrgerschaft zu richten. Diese Eingaben k\u00f6nnen grunds\u00e4tzlich alle Themen betreffen. Wer sich von einer Beh\u00f6rde, der B\u00fcrgerschaft oder einer anderen staatlichen Stelle der Freien und Hansestadt Hamburg benachteiligt f\u00fchlt, kann \u00fcber eine Eingabe an den Ausschuss diese Beschwerde vorbringen. Aufgabe des Ausschusses ist es, diese Sachlage zu pr\u00fcfen und zu bewerten und Abhilfe zu schaffen.<\/p>\n<p><!--Der Ausschuss hat 22 Mitglieder, wovon zw\u00f6lf auf die SPD-B\u00fcrgerschaftsfraktion entfallen.\n\n--><\/p>\n","protected":false},"excerpt":{"rendered":"<p>&#8222;Jedermann hat das Recht, sich einzeln oder in Gemeinschaft mit anderen schriftlich mit Bitten oder Beschwerden an die zust\u00e4ndigen Stellen und an die Volksvertretung zu wenden&#8220;, hei\u00dft es in Artikel 17 des Grundgesetzes. Der Eingabenausschuss bietet den B\u00fcrgern der Stadt, die M\u00f6glichkeit, Beschwerden (&#8222;Eingaben&#8220;) an die gew\u00e4hlten Volksvertreter in der B\u00fcrgerschaft zu richten. Diese Eingaben [&hellip;]<\/p>\n","protected":false},"author":3,"featured_media":0,"parent":226,"menu_order":0,"comment_status":"closed","ping_status":"closed","template":"","meta":{"footnotes":""},"class_list":["post-427","page","type-page","status-publish","hentry"],"_links":{"self":[{"href":"https:\/\/olaf-steinbiss.de\/index.php?rest_route=\/wp\/v2\/pages\/427","targetHints":{"allow":["GET"]}}],"collection":[{"href":"https:\/\/olaf-steinbiss.de\/index.php?rest_route=\/wp\/v2\/pages"}],"about":[{"href":"https:\/\/olaf-steinbiss.de\/index.php?rest_route=\/wp\/v2\/types\/page"}],"author":[{"embeddable":true,"href":"https:\/\/olaf-steinbiss.de\/index.php?rest_route=\/wp\/v2\/users\/3"}],"replies":[{"embeddable":true,"href":"https:\/\/olaf-steinbiss.de\/index.php?rest_route=%2Fwp%2Fv2%2Fcomments&post=427"}],"version-history":[{"count":0,"href":"https:\/\/olaf-steinbiss.de\/index.php?rest_route=\/wp\/v2\/pages\/427\/revisions"}],"up":[{"embeddable":true,"href":"https:\/\/olaf-steinbiss.de\/index.php?rest_route=\/wp\/v2\/pages\/226"}],"wp:attachment":[{"href":"https:\/\/olaf-steinbiss.de\/index.php?rest_route=%2Fwp%2Fv2%2Fmedia&parent=427"}],"curies":[{"name":"wp","href":"https:\/\/api.w.org\/{rel}","templated":true}]}}