{"id":1877,"date":"2024-06-30T11:41:25","date_gmt":"2024-06-30T11:41:25","guid":{"rendered":"http:\/\/olaf-steinbiss.de\/?page_id=1877"},"modified":"2024-06-30T11:46:19","modified_gmt":"2024-06-30T11:46:19","slug":"impressum","status":"publish","type":"page","link":"https:\/\/olaf-steinbiss.de\/?page_id=1877","title":{"rendered":"Impressum"},"content":{"rendered":"\t\t<div data-elementor-type=\"wp-page\" data-elementor-id=\"1877\" class=\"elementor elementor-1877\">\n\t\t\t\t<div class=\"elementor-element elementor-element-64e3b07 e-flex e-con-boxed e-con e-parent\" data-id=\"64e3b07\" data-element_type=\"container\">\n\t\t\t\t\t<div class=\"e-con-inner\">\n\t\t\t\t<div class=\"elementor-element elementor-element-6056bf8 elementor-widget elementor-widget-heading\" data-id=\"6056bf8\" data-element_type=\"widget\" data-widget_type=\"heading.default\">\n\t\t\t\t<div class=\"elementor-widget-container\">\n\t\t\t\t\t<h2 class=\"elementor-heading-title elementor-size-default\">Impressum<\/h2>\t\t\t\t<\/div>\n\t\t\t\t<\/div>\n\t\t\t\t\t<\/div>\n\t\t\t\t<\/div>\n\t\t<div class=\"elementor-element elementor-element-2583121 e-flex e-con-boxed e-con e-parent\" data-id=\"2583121\" data-element_type=\"container\">\n\t\t\t\t\t<div class=\"e-con-inner\">\n\t\t\t\t<div class=\"elementor-element elementor-element-dedc3fe elementor-widget elementor-widget-text-editor\" data-id=\"dedc3fe\" data-element_type=\"widget\" data-widget_type=\"text-editor.default\">\n\t\t\t\t<div class=\"elementor-widget-container\">\n\t\t\t\t\t\t\t\t\t<p>Verantwortlich f\u00fcr den Inhalt dieser Website ist:\u2028<\/p><p>Olaf Steinbiss<br \/>Mitglied der Hamburgischen B\u00fcrgerschaft<br \/>SPD Eimsb\u00fcttel<br \/>Helene-Lange-Stra\u00dfe 1<br \/>200144 Hamburg<br \/>Tel.: +49(40) 43 27 31 50<br \/>E-Mail:\u00a0buero@olaf-steinbiss.de<br \/><br \/><\/p><h1>Rechtliches:<\/h1><p>Alle Texte, alle Fotos, alle Gestaltungselemente dieses Servers sind \u2013 sofern nicht ein anderer Urheberrechtsinhaber (bzw. Verwertungsberechtigter) angegeben ist \u2013 \u00a0urheberrechtlich gesch\u00fctzt. Jede Verwertung ohne Zustimmung ist unzul\u00e4ssig.\u00a0<\/p><p>Wir haben auf unseren Seiten Links zu anderen Seiten im Internet. F\u00fcr alle diese Links gilt, dass wir keinerlei Einfluss auf die Gestaltung und die Inhalte der gelinkten Seiten haben. Deswegen \u00fcbernehmen wir auch keinerlei Verantwortung f\u00fcr Inhalt und Gestaltung dieser Seiten. Diese Erkl\u00e4rung gilt f\u00fcr alle auf unserer Internetpr\u00e4senz angezeigten Links und f\u00fcr alle Inhalte der Seiten, zu denen die bei uns angemeldeten Banner und Links f\u00fchren.<\/p><p>Datenschutzerkl\u00e4rung f\u00fcr die Nutzung von Google Analytics<br \/>Diese Website benutzt Google Analytics, einen Webanalysedienst der Google Inc. (\u201cGoogle\u201d). Google Analytics verwendet sog. \u201cCookies\u201d, Textdateien, die auf Ihrem Computer gespeichert werden und die eine Analyse der Benutzung der Website durch Sie erm\u00f6glichen. Die durch den Cookie erzeugten Informationen \u00fcber Ihre Benutzung dieser Website werden in der Regel an einen Server von Google in den USA \u00fcbertragen und dort gespeichert. Im Falle der Aktivierung der IP-Anonymisierung auf dieser Webseite wird Ihre IP-Adresse von Google jedoch innerhalb von Mitgliedstaaten der Europ\u00e4ischen Union oder in anderen Vertragsstaaten des Abkommens \u00fcber den Europ\u00e4ischen Wirtschaftsraum zuvor gek\u00fcrzt.<br \/>Nur in Ausnahmef\u00e4llen wird die volle IP-Adresse an einen Server von Google in den USA \u00fcbertragen und dort gek\u00fcrzt. Im Auftrag des Betreibers dieser Website wird Google diese Informationen benutzen, um Ihre Nutzung der Website auszuwerten, um Reports \u00fcber die Websiteaktivit\u00e4ten zusammenzustellen und um weitere mit der Websitenutzung und der Internetnutzung verbundene Dienstleistungen gegen\u00fcber dem Websitebetreiber zu erbringen. Die im Rahmen von Google Analytics von Ihrem Browser \u00fcbermittelte IP-Adresse wird nicht mit anderen Daten von Google zusammengef\u00fchrt.<br \/>Sie k\u00f6nnen die Speicherung der Cookies durch eine entsprechende Einstellung Ihrer Browser-Software verhindern; wir weisen Sie jedoch darauf hin, dass Sie in diesem Fall gegebenenfalls nicht s\u00e4mtliche Funktionen dieser Website vollumf\u00e4nglich werden nutzen k\u00f6nnen. Sie k\u00f6nnen dar\u00fcber hinaus die Erfassung der durch das Cookie erzeugten und auf Ihre Nutzung der Website bezogenen Daten (inkl. Ihrer IP-Adresse) an Google sowie die Verarbeitung dieser Daten durch Google verhindern, indem sie das unter dem folgenden Link verf\u00fcgbare Browser-Plugin herunterladen und installieren:\u00a0<a href=\"http:\/\/tools.google.com\/dlpage\/gaoptout?hl=de\" target=\"_blank\" rel=\"noreferrer noopener\">http:\/\/tools.google.com\/dlpage\/gaoptout?hl=de<\/a>.<\/p>\t\t\t\t\t\t\t\t<\/div>\n\t\t\t\t<\/div>\n\t\t\t\t\t<\/div>\n\t\t\t\t<\/div>\n\t\t<div class=\"elementor-element elementor-element-3300b24 e-con-full e-flex e-con e-parent\" data-id=\"3300b24\" data-element_type=\"container\" data-settings=\"{&quot;background_background&quot;:&quot;classic&quot;}\">\n\t\t\t\t<div class=\"elementor-element elementor-element-c53f0f4 elementor-widget elementor-widget-heading\" data-id=\"c53f0f4\" data-element_type=\"widget\" data-widget_type=\"heading.default\">\n\t\t\t\t<div class=\"elementor-widget-container\">\n\t\t\t\t\t<p class=\"elementor-heading-title elementor-size-default\"><a href=\"http:\/\/olaf-steinbiss.de\/?page_id=1877\">\u00a9 Olaf Steinbi\u00df 2024, Inc. Alle Rechte vorbehalten. Impressum | <\/a><\/p>\t\t\t\t<\/div>\n\t\t\t\t<\/div>\n\t\t\t\t<div class=\"elementor-element elementor-element-5655fb4 elementor-widget elementor-widget-heading\" data-id=\"5655fb4\" data-element_type=\"widget\" data-widget_type=\"heading.default\">\n\t\t\t\t<div class=\"elementor-widget-container\">\n\t\t\t\t\t<p class=\"elementor-heading-title elementor-size-default\"><a href=\"http:\/\/olaf-steinbiss.de\/?page_id=1625\">Datenschutzerkl\u00e4rung<\/a><\/p>\t\t\t\t<\/div>\n\t\t\t\t<\/div>\n\t\t\t\t<\/div>\n\t\t\t\t<\/div>\n\t\t","protected":false},"excerpt":{"rendered":"<p>Impressum Verantwortlich f\u00fcr den Inhalt dieser Website ist:\u2028 Olaf SteinbissMitglied der Hamburgischen B\u00fcrgerschaftSPD Eimsb\u00fcttelHelene-Lange-Stra\u00dfe 1200144 HamburgTel.: +49(40) 43 27 31 50E-Mail:\u00a0buero@olaf-steinbiss.de Rechtliches: Alle Texte, alle Fotos, alle Gestaltungselemente dieses Servers sind \u2013 sofern nicht ein anderer Urheberrechtsinhaber (bzw. Verwertungsberechtigter) angegeben ist \u2013 \u00a0urheberrechtlich gesch\u00fctzt. Jede Verwertung ohne Zustimmung ist unzul\u00e4ssig.\u00a0 Wir haben auf unseren Seiten [&hellip;]<\/p>\n","protected":false},"author":6,"featured_media":0,"parent":0,"menu_order":0,"comment_status":"closed","ping_status":"closed","template":"","meta":{"footnotes":""},"class_list":["post-1877","page","type-page","status-publish","hentry"],"_links":{"self":[{"href":"https:\/\/olaf-steinbiss.de\/index.php?rest_route=\/wp\/v2\/pages\/1877","targetHints":{"allow":["GET"]}}],"collection":[{"href":"https:\/\/olaf-steinbiss.de\/index.php?rest_route=\/wp\/v2\/pages"}],"about":[{"href":"https:\/\/olaf-steinbiss.de\/index.php?rest_route=\/wp\/v2\/types\/page"}],"author":[{"embeddable":true,"href":"https:\/\/olaf-steinbiss.de\/index.php?rest_route=\/wp\/v2\/users\/6"}],"replies":[{"embeddable":true,"href":"https:\/\/olaf-steinbiss.de\/index.php?rest_route=%2Fwp%2Fv2%2Fcomments&post=1877"}],"version-history":[{"count":0,"href":"https:\/\/olaf-steinbiss.de\/index.php?rest_route=\/wp\/v2\/pages\/1877\/revisions"}],"wp:attachment":[{"href":"https:\/\/olaf-steinbiss.de\/index.php?rest_route=%2Fwp%2Fv2%2Fmedia&parent=1877"}],"curies":[{"name":"wp","href":"https:\/\/api.w.org\/{rel}","templated":true}]}}