{"id":1783,"date":"2024-06-24T14:33:08","date_gmt":"2024-06-24T14:33:08","guid":{"rendered":"http:\/\/olaf-steinbiss.de\/?page_id=1783"},"modified":"2025-02-26T10:16:44","modified_gmt":"2025-02-26T10:16:44","slug":"elementor-uebermich1783","status":"publish","type":"page","link":"https:\/\/olaf-steinbiss.de\/?page_id=1783","title":{"rendered":"UeberMich"},"content":{"rendered":"\t\t<div data-elementor-type=\"wp-post\" data-elementor-id=\"1783\" class=\"elementor elementor-1783\">\n\t\t\t\t<div class=\"elementor-element elementor-element-2cf3a4f e-flex e-con-boxed e-con e-parent\" data-id=\"2cf3a4f\" data-element_type=\"container\">\n\t\t\t\t\t<div class=\"e-con-inner\">\n\t\t<div class=\"elementor-element elementor-element-ad25a09 e-con-full e-flex e-con e-child\" data-id=\"ad25a09\" data-element_type=\"container\">\n\t\t\t\t<div class=\"elementor-element elementor-element-1d6eba7 elementor-widget elementor-widget-heading\" data-id=\"1d6eba7\" data-element_type=\"widget\" data-widget_type=\"heading.default\">\n\t\t\t\t<div class=\"elementor-widget-container\">\n\t\t\t\t\t<h2 class=\"elementor-heading-title elementor-size-default\">\u00dcber mich<\/h2>\t\t\t\t<\/div>\n\t\t\t\t<\/div>\n\t\t<div class=\"elementor-element elementor-element-e2e2521 e-con-full e-flex e-con e-child\" data-id=\"e2e2521\" data-element_type=\"container\">\n\t\t\t\t<div class=\"elementor-element elementor-element-2e4c484 elementor-widget__width-initial elementor-widget elementor-widget-text-editor\" data-id=\"2e4c484\" data-element_type=\"widget\" data-widget_type=\"text-editor.default\">\n\t\t\t\t<div class=\"elementor-widget-container\">\n\t\t\t\t\t\t\t\t\t<p>Ich wurde am 7. November 1966 in Hamburg geboren. Mein Abitur machte ich am Johanneum und studierte anschlie\u00dfend Rechtswissenschaften an der Universit\u00e4t Hamburg. Ich bin verheiratet und Vater zweier Kinder, interessiere mich f\u00fcr Fu\u00dfball und h\u00f6re leidenschaftlich gerne Musik.<\/p><p>\u00a0<\/p><p>Seit langem bin ich Mitglied der SPD und engagiere mich in verschiedenen ehrenamtlichen Positionen. Im April 2010 bin ich \u00fcber die Landesliste der SPD in die Hamburgische B\u00fcrgerschaft nachger\u00fcckt. Neben meiner T\u00e4tigkeit als Abgeordneter, arbeite ich als selbstst\u00e4ndiger Rechtsanwalt mit dem Schwerpunkt Arbeitsrecht.<\/p>\t\t\t\t\t\t\t\t<\/div>\n\t\t\t\t<\/div>\n\t\t<div class=\"elementor-element elementor-element-5b7ed4b e-con-full e-flex e-con e-child\" data-id=\"5b7ed4b\" data-element_type=\"container\">\n\t\t\t\t<div class=\"elementor-element elementor-element-541a0eb elementor-widget elementor-widget-image\" data-id=\"541a0eb\" data-element_type=\"widget\" data-widget_type=\"image.default\">\n\t\t\t\t<div class=\"elementor-widget-container\">\n\t\t\t\t\t\t\t\t\t\t\t\t\t\t\t<img fetchpriority=\"high\" decoding=\"async\" width=\"800\" height=\"600\" src=\"https:\/\/olaf-steinbiss.de\/wp-content\/uploads\/2024\/08\/IMG-20240826-WA0008.jpg\" class=\"attachment-large size-large wp-image-1933\" alt=\"\" srcset=\"https:\/\/olaf-steinbiss.de\/wp-content\/uploads\/2024\/08\/IMG-20240826-WA0008.jpg 1024w, https:\/\/olaf-steinbiss.de\/wp-content\/uploads\/2024\/08\/IMG-20240826-WA0008-300x225.jpg 300w, https:\/\/olaf-steinbiss.de\/wp-content\/uploads\/2024\/08\/IMG-20240826-WA0008-768x576.jpg 768w\" sizes=\"(max-width: 800px) 100vw, 800px\" \/>\t\t\t\t\t\t\t\t\t\t\t\t\t\t\t<\/div>\n\t\t\t\t<\/div>\n\t\t\t\t<\/div>\n\t\t\t\t<\/div>\n\t\t\t\t<div class=\"elementor-element elementor-element-6ef529a elementor-widget elementor-widget-text-editor\" data-id=\"6ef529a\" data-element_type=\"widget\" data-widget_type=\"text-editor.default\">\n\t\t\t\t<div class=\"elementor-widget-container\">\n\t\t\t\t\t\t\t\t\t<p><strong>Mein Lebenslauf<\/strong><\/p>\n<ul>\n<li>geboren am 07.11.1966 in Hamburg<\/li>\n<li>Verheiratet<\/li>\n<li>Zwei T\u00f6chter<\/li>\n<li>1987 Abitur am Johanneum Hamburg<\/li>\n<li>1987 bis 1989 Marine in Bremerhaven und Kiel<\/li>\n<li>1991 bis 1996 Studium der Rechtswissenschaften an der Uni Hamburg, 1996 erstes Staatsexamen, 2001 Zweites Staatsexamen.<\/li>\n<li>1998 bis 2000 Wissenschaftlicher Mitarbeiter der SPD-B\u00fcrgerschaftsfraktion Hamburg<\/li>\n<li>seit 2001 selbst\u00e4ndiger Rechtsanwalt mit Schwerpunkt im Arbeitsrecht<\/li>\n<li>Seit 1997 Mitglied der SPD, Vorsitzender der SPD Harvestehude\/Rotherbaum und Beisitzer im Vorstand des SPD-Kreises Eimsb\u00fcttel<\/li>\n<li>April 2010 &#8211; Februar 2011 \u00fcber die SPD-Landesliste in der Hamburgischen B\u00fcrgerschaft<\/li>\n<li>Seit September 2011 Mitglied der Hamburgischen B\u00fcrgerschaft und seit 2020 direkt gew\u00e4hltes Mitglied f\u00fcr den&nbsp;Wahlkreis Rotherbaum &#8211; Harvestehude und Eimsb\u00fcttel Ost<\/li>\n<li>Fachsprecher f\u00fcr Verfassung der SPD-B\u00fcrgerschaftsfraktion<\/li>\n<\/ul>\t\t\t\t\t\t\t\t<\/div>\n\t\t\t\t<\/div>\n\t\t\t\t<div class=\"elementor-element elementor-element-a687677 elementor-widget elementor-widget-text-editor\" data-id=\"a687677\" data-element_type=\"widget\" data-widget_type=\"text-editor.default\">\n\t\t\t\t<div class=\"elementor-widget-container\">\n\t\t\t\t\t\t\t\t\t<ul style=\"font-size: 16px; background-color: #ffffff;\">\n<li style=\"font-size: 16px;\">Hobbys: Fu\u00dfball, Musik und Reisen<\/li>\n<li style=\"font-size: 16px;\">Mitglied u.a. bei der AWO und Altona 93<\/li>\n<\/ul>\t\t\t\t\t\t\t\t<\/div>\n\t\t\t\t<\/div>\n\t\t\t\t<\/div>\n\t\t\t\t\t<\/div>\n\t\t\t\t<\/div>\n\t\t<div class=\"elementor-element elementor-element-c715e4c e-con-full e-flex e-con e-parent\" data-id=\"c715e4c\" data-element_type=\"container\" data-settings=\"{&quot;background_background&quot;:&quot;classic&quot;}\">\n\t\t\t\t<div class=\"elementor-element elementor-element-7931ad3 elementor-widget elementor-widget-heading\" data-id=\"7931ad3\" data-element_type=\"widget\" data-widget_type=\"heading.default\">\n\t\t\t\t<div class=\"elementor-widget-container\">\n\t\t\t\t\t<p class=\"elementor-heading-title elementor-size-default\"><a href=\"http:\/\/olaf-steinbiss.de\/?page_id=1877\">\u00a9 Olaf Steinbi\u00df 2024, Inc. Alle Rechte vorbehalten. Impressum | <\/a><\/p>\t\t\t\t<\/div>\n\t\t\t\t<\/div>\n\t\t\t\t<div class=\"elementor-element elementor-element-7319399 elementor-widget elementor-widget-heading\" data-id=\"7319399\" data-element_type=\"widget\" data-widget_type=\"heading.default\">\n\t\t\t\t<div class=\"elementor-widget-container\">\n\t\t\t\t\t<p class=\"elementor-heading-title elementor-size-default\"><a href=\"http:\/\/olaf-steinbiss.de\/?page_id=1625\">Datenschutzerkl\u00e4rung<\/a><\/p>\t\t\t\t<\/div>\n\t\t\t\t<\/div>\n\t\t\t\t<\/div>\n\t\t\t\t<\/div>\n\t\t","protected":false},"excerpt":{"rendered":"<p>\u00dcber mich Ich wurde am 7. November 1966 in Hamburg geboren. Mein Abitur machte ich am Johanneum und studierte anschlie\u00dfend Rechtswissenschaften an der Universit\u00e4t Hamburg. Ich bin verheiratet und Vater zweier Kinder, interessiere mich f\u00fcr Fu\u00dfball und h\u00f6re leidenschaftlich gerne Musik. \u00a0 Seit langem bin ich Mitglied der SPD und engagiere mich in verschiedenen ehrenamtlichen [&hellip;]<\/p>\n","protected":false},"author":6,"featured_media":0,"parent":0,"menu_order":0,"comment_status":"closed","ping_status":"closed","template":"","meta":{"footnotes":""},"class_list":["post-1783","page","type-page","status-publish","hentry"],"_links":{"self":[{"href":"https:\/\/olaf-steinbiss.de\/index.php?rest_route=\/wp\/v2\/pages\/1783","targetHints":{"allow":["GET"]}}],"collection":[{"href":"https:\/\/olaf-steinbiss.de\/index.php?rest_route=\/wp\/v2\/pages"}],"about":[{"href":"https:\/\/olaf-steinbiss.de\/index.php?rest_route=\/wp\/v2\/types\/page"}],"author":[{"embeddable":true,"href":"https:\/\/olaf-steinbiss.de\/index.php?rest_route=\/wp\/v2\/users\/6"}],"replies":[{"embeddable":true,"href":"https:\/\/olaf-steinbiss.de\/index.php?rest_route=%2Fwp%2Fv2%2Fcomments&post=1783"}],"version-history":[{"count":19,"href":"https:\/\/olaf-steinbiss.de\/index.php?rest_route=\/wp\/v2\/pages\/1783\/revisions"}],"predecessor-version":[{"id":2017,"href":"https:\/\/olaf-steinbiss.de\/index.php?rest_route=\/wp\/v2\/pages\/1783\/revisions\/2017"}],"wp:attachment":[{"href":"https:\/\/olaf-steinbiss.de\/index.php?rest_route=%2Fwp%2Fv2%2Fmedia&parent=1783"}],"curies":[{"name":"wp","href":"https:\/\/api.w.org\/{rel}","templated":true}]}}