{"id":1281,"date":"2015-05-22T17:32:13","date_gmt":"2015-05-22T17:32:13","guid":{"rendered":"http:\/\/olaf-steinbiss.de\/?page_id=1281"},"modified":"2020-09-07T20:39:35","modified_gmt":"2020-09-07T20:39:35","slug":"ausschuss-fuer-justiz-und-datenschutz","status":"publish","type":"page","link":"https:\/\/olaf-steinbiss.de\/?page_id=1281","title":{"rendered":"Ausschuss f\u00fcr Justiz und Verbraucherschutz"},"content":{"rendered":"<p>Der Ausschuss f\u00fcr Justiz und Datenschutz befasst sich mit allen Fragen der Justiz, der f\u00f6derativen Ausgestaltung der Freien und Hansestadt Hamburg als Stadtstaat. Dieser Ausschuss hat ein breites Themenspektrum, wozu auch der Datenschutz geh\u00f6rt. Dieses weitreichende Thema ist in Zeiten von Social Media und immer wieder neuen Medien ein besonders wichtiger Aspekt.<\/p>\n<p><!--Der Ausschuss hat zw\u00f6lf Mitglieder, wovon  sechs auf die SPD-B\u00fcrgerschaftsfraktion entfallen.\n\n--><\/p>\n","protected":false},"excerpt":{"rendered":"<p>Der Ausschuss f\u00fcr Justiz und Datenschutz befasst sich mit allen Fragen der Justiz, der f\u00f6derativen Ausgestaltung der Freien und Hansestadt Hamburg als Stadtstaat. Dieser Ausschuss hat ein breites Themenspektrum, wozu auch der Datenschutz geh\u00f6rt. Dieses weitreichende Thema ist in Zeiten von Social Media und immer wieder neuen Medien ein besonders wichtiger Aspekt.<\/p>\n","protected":false},"author":6,"featured_media":0,"parent":226,"menu_order":0,"comment_status":"closed","ping_status":"closed","template":"","meta":{"footnotes":""},"class_list":["post-1281","page","type-page","status-publish","hentry"],"_links":{"self":[{"href":"https:\/\/olaf-steinbiss.de\/index.php?rest_route=\/wp\/v2\/pages\/1281","targetHints":{"allow":["GET"]}}],"collection":[{"href":"https:\/\/olaf-steinbiss.de\/index.php?rest_route=\/wp\/v2\/pages"}],"about":[{"href":"https:\/\/olaf-steinbiss.de\/index.php?rest_route=\/wp\/v2\/types\/page"}],"author":[{"embeddable":true,"href":"https:\/\/olaf-steinbiss.de\/index.php?rest_route=\/wp\/v2\/users\/6"}],"replies":[{"embeddable":true,"href":"https:\/\/olaf-steinbiss.de\/index.php?rest_route=%2Fwp%2Fv2%2Fcomments&post=1281"}],"version-history":[{"count":0,"href":"https:\/\/olaf-steinbiss.de\/index.php?rest_route=\/wp\/v2\/pages\/1281\/revisions"}],"up":[{"embeddable":true,"href":"https:\/\/olaf-steinbiss.de\/index.php?rest_route=\/wp\/v2\/pages\/226"}],"wp:attachment":[{"href":"https:\/\/olaf-steinbiss.de\/index.php?rest_route=%2Fwp%2Fv2%2Fmedia&parent=1281"}],"curies":[{"name":"wp","href":"https:\/\/api.w.org\/{rel}","templated":true}]}}